{"id":1319,"date":"2022-05-05T17:48:40","date_gmt":"2022-05-05T16:48:40","guid":{"rendered":"https:\/\/gocredito.pt\/?page_id=1319"},"modified":"2026-04-10T16:54:57","modified_gmt":"2026-04-10T15:54:57","slug":"recolha-documentos","status":"publish","type":"page","link":"https:\/\/gocredito.pt\/en\/recolha-documentos\/","title":{"rendered":"Recolha de Documentos"},"content":{"rendered":"<div data-elementor-type=\"wp-page\" data-elementor-id=\"1319\" class=\"elementor elementor-1319\" data-elementor-post-type=\"page\">\n\t\t\t\t\t\t\t\t\t<section class=\"elementor-section elementor-top-section elementor-element elementor-element-93956d4 elementor-section-boxed elementor-section-height-default elementor-section-height-default\" data-id=\"93956d4\" data-element_type=\"section\" data-settings=\"{&quot;jet_parallax_layout_list&quot;:[]}\">\n\t\t\t\t\t\t<div class=\"elementor-container elementor-column-gap-default\">\n\t\t\t\t\t<div class=\"elementor-column elementor-col-100 elementor-top-column elementor-element elementor-element-b6d5690\" data-id=\"b6d5690\" data-element_type=\"column\">\n\t\t\t<div class=\"elementor-widget-wrap elementor-element-populated\">\n\t\t\t\t\t\t\t\t<div class=\"elementor-element elementor-element-4a254c9 elementor-widget elementor-widget-heading\" data-id=\"4a254c9\" data-element_type=\"widget\" data-widget_type=\"heading.default\">\n\t\t\t\t<div class=\"elementor-widget-container\">\n\t\t\t<style>\/*! elementor - v3.15.0 - 20-08-2023 *\/\n.elementor-heading-title{padding:0;margin:0;line-height:1}.elementor-widget-heading .elementor-heading-title[class*=elementor-size-]>a{color:inherit;font-size:inherit;line-height:inherit}.elementor-widget-heading .elementor-heading-title.elementor-size-small{font-size:15px}.elementor-widget-heading .elementor-heading-title.elementor-size-medium{font-size:19px}.elementor-widget-heading .elementor-heading-title.elementor-size-large{font-size:29px}.elementor-widget-heading .elementor-heading-title.elementor-size-xl{font-size:39px}.elementor-widget-heading .elementor-heading-title.elementor-size-xxl{font-size:59px}<\/style><h1 class=\"elementor-heading-title elementor-size-default\">Recolha de Documentos<\/h1>\t\t<\/div>\n\t\t\t\t<\/div>\n\t\t\t\t\t<\/div>\n\t\t<\/div>\n\t\t\t\t\t\t\t<\/div>\n\t\t<\/section>\n\t\t\t\t<section class=\"elementor-section elementor-top-section elementor-element elementor-element-e0edd06 elementor-section-full_width elementor-section-height-default elementor-section-height-default\" data-id=\"e0edd06\" data-element_type=\"section\" data-settings=\"{&quot;jet_parallax_layout_list&quot;:[]}\">\n\t\t\t\t\t\t<div class=\"elementor-container elementor-column-gap-no\">\n\t\t\t\t\t<div class=\"elementor-column elementor-col-100 elementor-top-column elementor-element elementor-element-0ec981f\" data-id=\"0ec981f\" data-element_type=\"column\">\n\t\t\t<div class=\"elementor-widget-wrap elementor-element-populated\">\n\t\t\t\t\t\t\t\t<div class=\"elementor-element elementor-element-c710d05 recolha elementor-widget elementor-widget-html\" data-id=\"c710d05\" data-element_type=\"widget\" data-widget_type=\"html.default\">\n\t\t\t\t<div class=\"elementor-widget-container\">\n\t\t\t<div class=\"recolha\">\n  <script>\n    const params = new URLSearchParams(window.location.search);\n    const userGuid = params.get('colaborador');\n    const stepsConfig = params.get('StepsConfig');\n    const container = document.querySelector('.recolha');\n\n    const UTM_MAP = {\n      '3a890088-db62-44f2-bdc3-80072ee13e4e': 'gc-joaocarvalho',\n      'a222999d-b194-41f6-9d60-5fa9512a4f8d': 'gc-joaocarvalho',\n      '9cd38806-f265-43b0-924c-19e4bc8ea932': 'gc-mariananovais',\n      '3c2818b4-ecde-40b4-aecd-4ee0e63c8304': 'gc-antonina',\n      '47246bd8-b0bf-4a00-a24b-a41147379573': 'gc-gabrielacoelho',\n      '93f00e8e-1776-4e0b-abf1-ddeb577329f7': 'gc-gabrielacoelho',\n      'b76aab43-8b90-46e8-a731-c406893a7b9d': 'gc-catiacosta',\n      '11888215-444a-4668-b9e3-767200015b43': 'gc-natalialemos',\n      'a5cef146-8145-45d5-8946-cc0d351257de': 'gc-ritaleite',\n      'ca55faaa-86c2-40ea-971e-73bf5f5fef38': 'gc-lucaspereira',\n      'e2f672e9-7ee2-4977-acd5-98e8b89a600b': 'gc-documentos'\n    };\n\n    if (userGuid) {\n      \/\/ Create header with terms and conditions\n      const header = document.createElement('div');\n      header.style.cssText = 'padding: 15px; background-color: #f5f5f5; border-bottom: 1px solid #ddd; text-align: center; margin-bottom: 20px;';\n\n      const utmSource = UTM_MAP[userGuid] || 'gc-documentos';\n      const termsLink = document.createElement('a');\n      termsLink.href = `https:\/\/portal.gocredito.pt\/assinatura-digital\/${utmSource}`;\n      termsLink.target = '_blank';\n      termsLink.style.cssText = 'color: #0066cc; text-decoration: none; font-size: 14px;';\n      termsLink.textContent = 'Para iniciar, assine aqui o nosso RGPD.';\n\n      header.appendChild(termsLink);\n      container.appendChild(header);\n\n      \/\/ Build and inject the iframe script using the documented approach\n      const script = document.createElement('script');\n      script.src = 'https:\/\/process.hapi.pt\/hApiParent.js';\n      script.setAttribute('data-containerid', 'recolha');\n      script.setAttribute('data-clientUserGuid', userGuid);\n\n      if (stepsConfig) {\n        const validSteps = stepsConfig.replace(\/[^123]\/g, '');\n        if (validSteps) {\n          script.setAttribute('data-stepsConfig', validSteps);\n        }\n      }\n\n      container.appendChild(script);\n    } else {\n      container.style.textAlign = 'center';\n      container.style.fontSize = '24px';\n      container.style.marginTop = '40px';\n      container.textContent = 'ID de gestor inv\u00e1lido';\n    }\n  <\/script>\n<\/div>\t\t<\/div>\n\t\t\t\t<\/div>\n\t\t\t\t\t<\/div>\n\t\t<\/div>\n\t\t\t\t\t\t\t<\/div>\n\t\t<\/section>\n\t\t\t\t\t\t\t<\/div>","protected":false},"excerpt":{"rendered":"<p>Recolha de Documentos<\/p>","protected":false},"author":1,"featured_media":0,"parent":0,"menu_order":0,"comment_status":"closed","ping_status":"closed","template":"page-templates\/fullwidth-content.php","meta":{"footnotes":""},"class_list":["post-1319","page","type-page","status-publish","hentry"],"yoast_head":"<!-- This site is optimized with the Yoast SEO plugin v22.5 - https:\/\/yoast.com\/wordpress\/plugins\/seo\/ -->\n<title>Recolha de Documentos - Go Cr\u00e9dito<\/title>\n<meta name=\"robots\" content=\"index, follow, max-snippet:-1, max-image-preview:large, max-video-preview:-1\" \/>\n<link rel=\"canonical\" href=\"https:\/\/gocredito.pt\/en\/recolha-documentos\/\" \/>\n<meta property=\"og:locale\" content=\"en_GB\" \/>\n<meta property=\"og:type\" content=\"article\" \/>\n<meta property=\"og:title\" content=\"Recolha de Documentos - Go Cr\u00e9dito\" \/>\n<meta property=\"og:description\" content=\"Recolha de Documentos\" \/>\n<meta property=\"og:url\" content=\"https:\/\/gocredito.pt\/en\/recolha-documentos\/\" \/>\n<meta property=\"og:site_name\" content=\"Go Cr\u00e9dito\" \/>\n<meta property=\"article:modified_time\" content=\"2026-04-10T15:54:57+00:00\" \/>\n<meta name=\"twitter:label1\" content=\"Estimated reading time\" \/>\n\t<meta name=\"twitter:data1\" content=\"1 minute\" \/>\n<script type=\"application\/ld+json\" class=\"yoast-schema-graph\">{\"@context\":\"https:\/\/schema.org\",\"@graph\":[{\"@type\":\"WebPage\",\"@id\":\"https:\/\/gocredito.pt\/recolha-documentos\/\",\"url\":\"https:\/\/gocredito.pt\/recolha-documentos\/\",\"name\":\"Recolha de Documentos - Go Cr\u00e9dito\",\"isPartOf\":{\"@id\":\"https:\/\/gocredito.pt\/#website\"},\"datePublished\":\"2022-05-05T16:48:40+00:00\",\"dateModified\":\"2026-04-10T15:54:57+00:00\",\"breadcrumb\":{\"@id\":\"https:\/\/gocredito.pt\/recolha-documentos\/#breadcrumb\"},\"inLanguage\":\"en-GB\",\"potentialAction\":[{\"@type\":\"ReadAction\",\"target\":[\"https:\/\/gocredito.pt\/recolha-documentos\/\"]}]},{\"@type\":\"BreadcrumbList\",\"@id\":\"https:\/\/gocredito.pt\/recolha-documentos\/#breadcrumb\",\"itemListElement\":[{\"@type\":\"ListItem\",\"position\":1,\"name\":\"In\u00edcio\",\"item\":\"https:\/\/gocredito.pt\/\"},{\"@type\":\"ListItem\",\"position\":2,\"name\":\"Recolha de Documentos\"}]},{\"@type\":\"WebSite\",\"@id\":\"https:\/\/gocredito.pt\/#website\",\"url\":\"https:\/\/gocredito.pt\/\",\"name\":\"Go Cr\u00e9dito\",\"description\":\"Intermedia\u00e7\u00e3o de cr\u00e9dito\",\"publisher\":{\"@id\":\"https:\/\/gocredito.pt\/#organization\"},\"potentialAction\":[{\"@type\":\"SearchAction\",\"target\":{\"@type\":\"EntryPoint\",\"urlTemplate\":\"https:\/\/gocredito.pt\/?s={search_term_string}\"},\"query-input\":\"required name=search_term_string\"}],\"inLanguage\":\"en-GB\"},{\"@type\":\"Organization\",\"@id\":\"https:\/\/gocredito.pt\/#organization\",\"name\":\"Go Cr\u00e9dito\",\"url\":\"https:\/\/gocredito.pt\/\",\"logo\":{\"@type\":\"ImageObject\",\"inLanguage\":\"en-GB\",\"@id\":\"https:\/\/gocredito.pt\/#\/schema\/logo\/image\/\",\"url\":\"https:\/\/gocredito.pt\/wp-content\/uploads\/2021\/05\/go-credito-logo-01.png\",\"contentUrl\":\"https:\/\/gocredito.pt\/wp-content\/uploads\/2021\/05\/go-credito-logo-01.png\",\"width\":341,\"height\":125,\"caption\":\"Go Cr\u00e9dito\"},\"image\":{\"@id\":\"https:\/\/gocredito.pt\/#\/schema\/logo\/image\/\"}}]}<\/script>\n<!-- \/ Yoast SEO plugin. -->","yoast_head_json":{"title":"Recolha de Documentos - Go Cr\u00e9dito","robots":{"index":"index","follow":"follow","max-snippet":"max-snippet:-1","max-image-preview":"max-image-preview:large","max-video-preview":"max-video-preview:-1"},"canonical":"https:\/\/gocredito.pt\/en\/recolha-documentos\/","og_locale":"en_GB","og_type":"article","og_title":"Recolha de Documentos - Go Cr\u00e9dito","og_description":"Recolha de Documentos","og_url":"https:\/\/gocredito.pt\/en\/recolha-documentos\/","og_site_name":"Go Cr\u00e9dito","article_modified_time":"2026-04-10T15:54:57+00:00","twitter_misc":{"Estimated reading time":"1 minute"},"schema":{"@context":"https:\/\/schema.org","@graph":[{"@type":"WebPage","@id":"https:\/\/gocredito.pt\/recolha-documentos\/","url":"https:\/\/gocredito.pt\/recolha-documentos\/","name":"Recolha de Documentos - Go Cr\u00e9dito","isPartOf":{"@id":"https:\/\/gocredito.pt\/#website"},"datePublished":"2022-05-05T16:48:40+00:00","dateModified":"2026-04-10T15:54:57+00:00","breadcrumb":{"@id":"https:\/\/gocredito.pt\/recolha-documentos\/#breadcrumb"},"inLanguage":"en-GB","potentialAction":[{"@type":"ReadAction","target":["https:\/\/gocredito.pt\/recolha-documentos\/"]}]},{"@type":"BreadcrumbList","@id":"https:\/\/gocredito.pt\/recolha-documentos\/#breadcrumb","itemListElement":[{"@type":"ListItem","position":1,"name":"In\u00edcio","item":"https:\/\/gocredito.pt\/"},{"@type":"ListItem","position":2,"name":"Recolha de Documentos"}]},{"@type":"WebSite","@id":"https:\/\/gocredito.pt\/#website","url":"https:\/\/gocredito.pt\/","name":"Go Cr\u00e9dito","description":"Intermedia\u00e7\u00e3o de cr\u00e9dito","publisher":{"@id":"https:\/\/gocredito.pt\/#organization"},"potentialAction":[{"@type":"SearchAction","target":{"@type":"EntryPoint","urlTemplate":"https:\/\/gocredito.pt\/?s={search_term_string}"},"query-input":"required name=search_term_string"}],"inLanguage":"en-GB"},{"@type":"Organization","@id":"https:\/\/gocredito.pt\/#organization","name":"Go Cr\u00e9dito","url":"https:\/\/gocredito.pt\/","logo":{"@type":"ImageObject","inLanguage":"en-GB","@id":"https:\/\/gocredito.pt\/#\/schema\/logo\/image\/","url":"https:\/\/gocredito.pt\/wp-content\/uploads\/2021\/05\/go-credito-logo-01.png","contentUrl":"https:\/\/gocredito.pt\/wp-content\/uploads\/2021\/05\/go-credito-logo-01.png","width":341,"height":125,"caption":"Go Cr\u00e9dito"},"image":{"@id":"https:\/\/gocredito.pt\/#\/schema\/logo\/image\/"}}]}},"_links":{"self":[{"href":"https:\/\/gocredito.pt\/en\/wp-json\/wp\/v2\/pages\/1319","targetHints":{"allow":["GET"]}}],"collection":[{"href":"https:\/\/gocredito.pt\/en\/wp-json\/wp\/v2\/pages"}],"about":[{"href":"https:\/\/gocredito.pt\/en\/wp-json\/wp\/v2\/types\/page"}],"author":[{"embeddable":true,"href":"https:\/\/gocredito.pt\/en\/wp-json\/wp\/v2\/users\/1"}],"replies":[{"embeddable":true,"href":"https:\/\/gocredito.pt\/en\/wp-json\/wp\/v2\/comments?post=1319"}],"version-history":[{"count":259,"href":"https:\/\/gocredito.pt\/en\/wp-json\/wp\/v2\/pages\/1319\/revisions"}],"predecessor-version":[{"id":7899,"href":"https:\/\/gocredito.pt\/en\/wp-json\/wp\/v2\/pages\/1319\/revisions\/7899"}],"wp:attachment":[{"href":"https:\/\/gocredito.pt\/en\/wp-json\/wp\/v2\/media?parent=1319"}],"curies":[{"name":"wp","href":"https:\/\/api.w.org\/{rel}","templated":true}]}}